{"id":169,"date":"2023-10-17T12:14:43","date_gmt":"2023-10-17T10:14:43","guid":{"rendered":"https:\/\/gebetsberger.at\/?page_id=169"},"modified":"2025-11-12T09:27:53","modified_gmt":"2025-11-12T08:27:53","slug":"impressum","status":"publish","type":"page","link":"https:\/\/gebetsberger.at\/en\/impressum\/","title":{"rendered":"Site notice"},"content":{"rendered":"<div data-elementor-type=\"wp-page\" data-elementor-id=\"169\" class=\"elementor elementor-169\" data-elementor-post-type=\"page\">\n\t\t\t\t\t\t<section class=\"elementor-section elementor-top-section elementor-element elementor-element-7d6293a1 elementor-section-boxed elementor-section-height-default elementor-section-height-default\" data-id=\"7d6293a1\" data-element_type=\"section\" data-e-type=\"section\">\n\t\t\t\t\t\t<div class=\"elementor-container elementor-column-gap-default\">\n\t\t\t\t\t<div class=\"elementor-column elementor-col-100 elementor-top-column elementor-element elementor-element-1acc2db8\" data-id=\"1acc2db8\" data-element_type=\"column\" data-e-type=\"column\">\n\t\t\t<div class=\"elementor-widget-wrap elementor-element-populated\">\n\t\t\t\t\t\t<div class=\"elementor-element elementor-element-2308f32c elementor-widget elementor-widget-spacer\" data-id=\"2308f32c\" data-element_type=\"widget\" data-e-type=\"widget\" data-widget_type=\"spacer.default\">\n\t\t\t\t<div class=\"elementor-widget-container\">\n\t\t\t\t\t\t\t<div class=\"elementor-spacer\">\n\t\t\t<div class=\"elementor-spacer-inner\"><\/div>\n\t\t<\/div>\n\t\t\t\t\t\t<\/div>\n\t\t\t\t<\/div>\n\t\t\t\t<div class=\"elementor-element elementor-element-26bc9b8b elementor-widget elementor-widget-heading\" data-id=\"26bc9b8b\" data-element_type=\"widget\" data-e-type=\"widget\" data-widget_type=\"heading.default\">\n\t\t\t\t<div class=\"elementor-widget-container\">\n\t\t\t\t\t<h1 class=\"elementor-heading-title elementor-size-medium\">Site notice<\/h1>\t\t\t\t<\/div>\n\t\t\t\t<\/div>\n\t\t\t\t<div class=\"elementor-element elementor-element-41bd71f0 elementor-widget elementor-widget-spacer\" data-id=\"41bd71f0\" data-element_type=\"widget\" data-e-type=\"widget\" data-widget_type=\"spacer.default\">\n\t\t\t\t<div class=\"elementor-widget-container\">\n\t\t\t\t\t\t\t<div class=\"elementor-spacer\">\n\t\t\t<div class=\"elementor-spacer-inner\"><\/div>\n\t\t<\/div>\n\t\t\t\t\t\t<\/div>\n\t\t\t\t<\/div>\n\t\t\t\t\t<\/div>\n\t\t<\/div>\n\t\t\t\t\t<\/div>\n\t\t<\/section>\n\t\t\t\t<section class=\"elementor-section elementor-top-section elementor-element elementor-element-4b129824 elementor-section-boxed elementor-section-height-default elementor-section-height-default\" data-id=\"4b129824\" data-element_type=\"section\" data-e-type=\"section\">\n\t\t\t\t\t\t<div class=\"elementor-container elementor-column-gap-default\">\n\t\t\t\t\t<div class=\"elementor-column elementor-col-100 elementor-top-column elementor-element elementor-element-1c4da3d7\" data-id=\"1c4da3d7\" data-element_type=\"column\" data-e-type=\"column\">\n\t\t\t<div class=\"elementor-widget-wrap elementor-element-populated\">\n\t\t\t\t\t\t<div class=\"elementor-element elementor-element-1a482d8d elementor-widget elementor-widget-text-editor\" data-id=\"1a482d8d\" data-element_type=\"widget\" data-e-type=\"widget\" data-widget_type=\"text-editor.default\">\n\t\t\t\t<div class=\"elementor-widget-container\">\n\t\t\t\t\t\t\t\t\t<p>Gebetsberger Medizintechnik e.U.<\/p><p>Inhaber Clemens Gebetsberger<\/p><p>Eingetragenes Einzelunternehmen<\/p><p>Walchen 36\/1<br \/>4870 V\u00f6cklamarkt<br \/>Austria<br \/>+43 680 500 37 36<br \/><a href=\"mailto:office@gebetsberger.at\">office@gebetsberger.at<\/a><\/p><p>Handel mit sowie Vermietung von Medizinprodukten<br \/>UID-Nummer: ATU74436746<\/p><p>Firmenbuchnummer: 514387b<br \/>Firmenbuchgericht: Landesgericht Wels<br \/>Gewerbebeh\u00f6rde: Bezirkshauptmannschaft V\u00f6cklabruck<\/p><p>Gewerbewortlaut (Gewerbeart: reglementiertes Gewerbe):<br \/>Herstellung und Aufbereitung sowie Vermietung von Medizinprodukten, soweit diese T\u00e4tigkeiten nicht unter ein anderes reglementiertes Gewerbe fallen, und Handel mit sowie Vermietung von Medizinprodukten<br \/>Mitglied der WK\u00d6, WKO\u00d6, Fachvertretung O\u00d6 Foto- , Optik- und Medizinproduktehandel und Landesinnung O\u00d6 der Chemischen Gewerbe &amp; der Denkmal-, Fassaden- und Geb\u00e4udereiniger.<br \/>Anwendbare gewerbe- oder berufsrechtliche Vorschriften: GewO 1994 &#8211; https:\/\/www.ris.bka.gv.at\/.<\/p><p>\u00a0<\/p>\t\t\t\t\t\t\t\t<\/div>\n\t\t\t\t<\/div>\n\t\t\t\t\t<\/div>\n\t\t<\/div>\n\t\t\t\t\t<\/div>\n\t\t<\/section>\n\t\t\t\t<section class=\"elementor-section elementor-top-section elementor-element elementor-element-2a0f5840 elementor-section-boxed elementor-section-height-default elementor-section-height-default\" data-id=\"2a0f5840\" data-element_type=\"section\" data-e-type=\"section\">\n\t\t\t\t\t\t<div class=\"elementor-container elementor-column-gap-default\">\n\t\t\t\t\t<div class=\"elementor-column elementor-col-100 elementor-top-column elementor-element elementor-element-1255811\" data-id=\"1255811\" data-element_type=\"column\" data-e-type=\"column\">\n\t\t\t<div class=\"elementor-widget-wrap elementor-element-populated\">\n\t\t\t\t\t\t<div class=\"elementor-element elementor-element-5ceb5aa9 elementor-widget elementor-widget-spacer\" data-id=\"5ceb5aa9\" data-element_type=\"widget\" data-e-type=\"widget\" data-widget_type=\"spacer.default\">\n\t\t\t\t<div class=\"elementor-widget-container\">\n\t\t\t\t\t\t\t<div class=\"elementor-spacer\">\n\t\t\t<div class=\"elementor-spacer-inner\"><\/div>\n\t\t<\/div>\n\t\t\t\t\t\t<\/div>\n\t\t\t\t<\/div>\n\t\t\t\t\t<\/div>\n\t\t<\/div>\n\t\t\t\t\t<\/div>\n\t\t<\/section>\n\t\t\t\t<\/div>","protected":false},"excerpt":{"rendered":"<p>Impressum Gebetsberger Medizintechnik e.U. Inhaber Clemens Gebetsberger Eingetragenes Einzelunternehmen Walchen 36\/14870 V\u00f6cklamarktAustria+43 680 500 37 36office@gebetsberger.at Handel mit sowie Vermietung von MedizinproduktenUID-Nummer: ATU74436746 Firmenbuchnummer: 514387bFirmenbuchgericht: Landesgericht WelsGewerbebeh\u00f6rde: Bezirkshauptmannschaft V\u00f6cklabruck Gewerbewortlaut (Gewerbeart: reglementiertes Gewerbe):Herstellung und Aufbereitung sowie Vermietung von Medizinprodukten, soweit diese T\u00e4tigkeiten nicht unter ein anderes reglementiertes Gewerbe fallen, und Handel mit sowie Vermietung von [&hellip;]<\/p>\n","protected":false},"author":2,"featured_media":0,"parent":0,"menu_order":0,"comment_status":"closed","ping_status":"closed","template":"","meta":{"site-sidebar-layout":"no-sidebar","site-content-layout":"","ast-site-content-layout":"full-width-container","site-content-style":"default","site-sidebar-style":"default","ast-global-header-display":"disabled","ast-banner-title-visibility":"disabled","ast-main-header-display":"","ast-hfb-above-header-display":"","ast-hfb-below-header-display":"","ast-hfb-mobile-header-display":"","site-post-title":"disabled","ast-breadcrumbs-content":"","ast-featured-img":"disabled","footer-sml-layout":"disabled","ast-disable-related-posts":"","theme-transparent-header-meta":"","adv-header-id-meta":"","stick-header-meta":"","header-above-stick-meta":"","header-main-stick-meta":"","header-below-stick-meta":"","astra-migrate-meta-layouts":"","ast-page-background-enabled":"default","ast-page-background-meta":{"desktop":{"background-color":"var(--ast-global-color-4)","background-image":"","background-repeat":"repeat","background-position":"center center","background-size":"auto","background-attachment":"scroll","background-type":"","background-media":"","overlay-type":"","overlay-color":"","overlay-opacity":"","overlay-gradient":""},"tablet":{"background-color":"","background-image":"","background-repeat":"repeat","background-position":"center center","background-size":"auto","background-attachment":"scroll","background-type":"","background-media":"","overlay-type":"","overlay-color":"","overlay-opacity":"","overlay-gradient":""},"mobile":{"background-color":"","background-image":"","background-repeat":"repeat","background-position":"center center","background-size":"auto","background-attachment":"scroll","background-type":"","background-media":"","overlay-type":"","overlay-color":"","overlay-opacity":"","overlay-gradient":""}},"ast-content-background-meta":{"desktop":{"background-color":"var(--ast-global-color-5)","background-image":"","background-repeat":"repeat","background-position":"center center","background-size":"auto","background-attachment":"scroll","background-type":"","background-media":"","overlay-type":"","overlay-color":"","overlay-opacity":"","overlay-gradient":""},"tablet":{"background-color":"var(--ast-global-color-5)","background-image":"","background-repeat":"repeat","background-position":"center center","background-size":"auto","background-attachment":"scroll","background-type":"","background-media":"","overlay-type":"","overlay-color":"","overlay-opacity":"","overlay-gradient":""},"mobile":{"background-color":"var(--ast-global-color-5)","background-image":"","background-repeat":"repeat","background-position":"center center","background-size":"auto","background-attachment":"scroll","background-type":"","background-media":"","overlay-type":"","overlay-color":"","overlay-opacity":"","overlay-gradient":""}},"footnotes":""},"class_list":["post-169","page","type-page","status-publish","hentry"],"yoast_head":"<!-- This site is optimized with the Yoast SEO plugin v27.3 - https:\/\/yoast.com\/product\/yoast-seo-wordpress\/ -->\n<title>Impressum - Gebetsberger Medizintechnik AT<\/title>\n<meta name=\"robots\" content=\"index, follow, max-snippet:-1, max-image-preview:large, max-video-preview:-1\" \/>\n<link rel=\"canonical\" href=\"https:\/\/gebetsberger.at\/en\/impressum\/\" \/>\n<meta property=\"og:locale\" content=\"en_GB\" \/>\n<meta property=\"og:type\" content=\"article\" \/>\n<meta property=\"og:title\" content=\"Impressum - Gebetsberger Medizintechnik AT\" \/>\n<meta property=\"og:description\" content=\"Impressum Gebetsberger Medizintechnik e.U. Inhaber Clemens Gebetsberger Eingetragenes Einzelunternehmen Walchen 36\/14870 V\u00f6cklamarktAustria+43 680 500 37 36office@gebetsberger.at Handel mit sowie Vermietung von MedizinproduktenUID-Nummer: ATU74436746 Firmenbuchnummer: 514387bFirmenbuchgericht: Landesgericht WelsGewerbebeh\u00f6rde: Bezirkshauptmannschaft V\u00f6cklabruck Gewerbewortlaut (Gewerbeart: reglementiertes Gewerbe):Herstellung und Aufbereitung sowie Vermietung von Medizinprodukten, soweit diese T\u00e4tigkeiten nicht unter ein anderes reglementiertes Gewerbe fallen, und Handel mit sowie Vermietung von [&hellip;]\" \/>\n<meta property=\"og:url\" content=\"https:\/\/gebetsberger.at\/en\/impressum\/\" \/>\n<meta property=\"og:site_name\" content=\"Gebetsberger Medizintechnik AT\" \/>\n<meta property=\"article:publisher\" content=\"https:\/\/www.facebook.com\/softlaserverleih\/\" \/>\n<meta property=\"article:modified_time\" content=\"2025-11-12T08:27:53+00:00\" \/>\n<meta name=\"twitter:card\" content=\"summary_large_image\" \/>\n<meta name=\"twitter:label1\" content=\"Estimated reading time\" \/>\n\t<meta name=\"twitter:data1\" content=\"1 minute\" \/>\n<script type=\"application\/ld+json\" class=\"yoast-schema-graph\">{\"@context\":\"https:\\\/\\\/schema.org\",\"@graph\":[{\"@type\":\"WebPage\",\"@id\":\"https:\\\/\\\/gebetsberger.at\\\/impressum\\\/\",\"url\":\"https:\\\/\\\/gebetsberger.at\\\/impressum\\\/\",\"name\":\"Impressum - Gebetsberger Medizintechnik AT\",\"isPartOf\":{\"@id\":\"https:\\\/\\\/gebetsberger.at\\\/#website\"},\"datePublished\":\"2023-10-17T10:14:43+00:00\",\"dateModified\":\"2025-11-12T08:27:53+00:00\",\"breadcrumb\":{\"@id\":\"https:\\\/\\\/gebetsberger.at\\\/impressum\\\/#breadcrumb\"},\"inLanguage\":\"en-GB\",\"potentialAction\":[{\"@type\":\"ReadAction\",\"target\":[\"https:\\\/\\\/gebetsberger.at\\\/impressum\\\/\"]}]},{\"@type\":\"BreadcrumbList\",\"@id\":\"https:\\\/\\\/gebetsberger.at\\\/impressum\\\/#breadcrumb\",\"itemListElement\":[{\"@type\":\"ListItem\",\"position\":1,\"name\":\"Startseite\",\"item\":\"https:\\\/\\\/gebetsberger.at\\\/\"},{\"@type\":\"ListItem\",\"position\":2,\"name\":\"Impressum\"}]},{\"@type\":\"WebSite\",\"@id\":\"https:\\\/\\\/gebetsberger.at\\\/#website\",\"url\":\"https:\\\/\\\/gebetsberger.at\\\/\",\"name\":\"Gebetsberger Medizintechnik AT\",\"description\":\"Der 1. Softlaser-Verleih \\\/\\\/ 25 Jahre Erfahrung\",\"publisher\":{\"@id\":\"https:\\\/\\\/gebetsberger.at\\\/#organization\"},\"potentialAction\":[{\"@type\":\"SearchAction\",\"target\":{\"@type\":\"EntryPoint\",\"urlTemplate\":\"https:\\\/\\\/gebetsberger.at\\\/?s={search_term_string}\"},\"query-input\":{\"@type\":\"PropertyValueSpecification\",\"valueRequired\":true,\"valueName\":\"search_term_string\"}}],\"inLanguage\":\"en-GB\"},{\"@type\":\"Organization\",\"@id\":\"https:\\\/\\\/gebetsberger.at\\\/#organization\",\"name\":\"Gebetsberger Medizintechnik\",\"url\":\"https:\\\/\\\/gebetsberger.at\\\/\",\"logo\":{\"@type\":\"ImageObject\",\"inLanguage\":\"en-GB\",\"@id\":\"https:\\\/\\\/gebetsberger.at\\\/#\\\/schema\\\/logo\\\/image\\\/\",\"url\":\"https:\\\/\\\/gebetsberger.at\\\/wp-content\\\/uploads\\\/2023\\\/10\\\/Gebetsberger_Medizintechnik_Logo-229x229-1.png\",\"contentUrl\":\"https:\\\/\\\/gebetsberger.at\\\/wp-content\\\/uploads\\\/2023\\\/10\\\/Gebetsberger_Medizintechnik_Logo-229x229-1.png\",\"width\":229,\"height\":229,\"caption\":\"Gebetsberger Medizintechnik\"},\"image\":{\"@id\":\"https:\\\/\\\/gebetsberger.at\\\/#\\\/schema\\\/logo\\\/image\\\/\"},\"sameAs\":[\"https:\\\/\\\/www.facebook.com\\\/softlaserverleih\\\/\",\"https:\\\/\\\/www.instagram.com\\\/softlaserverleih\\\/\"]}]}<\/script>\n<!-- \/ Yoast SEO plugin. -->","yoast_head_json":{"title":"Impressum - Gebetsberger Medizintechnik AT","robots":{"index":"index","follow":"follow","max-snippet":"max-snippet:-1","max-image-preview":"max-image-preview:large","max-video-preview":"max-video-preview:-1"},"canonical":"https:\/\/gebetsberger.at\/en\/impressum\/","og_locale":"en_GB","og_type":"article","og_title":"Impressum - Gebetsberger Medizintechnik AT","og_description":"Impressum Gebetsberger Medizintechnik e.U. Inhaber Clemens Gebetsberger Eingetragenes Einzelunternehmen Walchen 36\/14870 V\u00f6cklamarktAustria+43 680 500 37 36office@gebetsberger.at Handel mit sowie Vermietung von MedizinproduktenUID-Nummer: ATU74436746 Firmenbuchnummer: 514387bFirmenbuchgericht: Landesgericht WelsGewerbebeh\u00f6rde: Bezirkshauptmannschaft V\u00f6cklabruck Gewerbewortlaut (Gewerbeart: reglementiertes Gewerbe):Herstellung und Aufbereitung sowie Vermietung von Medizinprodukten, soweit diese T\u00e4tigkeiten nicht unter ein anderes reglementiertes Gewerbe fallen, und Handel mit sowie Vermietung von [&hellip;]","og_url":"https:\/\/gebetsberger.at\/en\/impressum\/","og_site_name":"Gebetsberger Medizintechnik AT","article_publisher":"https:\/\/www.facebook.com\/softlaserverleih\/","article_modified_time":"2025-11-12T08:27:53+00:00","twitter_card":"summary_large_image","twitter_misc":{"Estimated reading time":"1 minute"},"schema":{"@context":"https:\/\/schema.org","@graph":[{"@type":"WebPage","@id":"https:\/\/gebetsberger.at\/impressum\/","url":"https:\/\/gebetsberger.at\/impressum\/","name":"Impressum - Gebetsberger Medizintechnik AT","isPartOf":{"@id":"https:\/\/gebetsberger.at\/#website"},"datePublished":"2023-10-17T10:14:43+00:00","dateModified":"2025-11-12T08:27:53+00:00","breadcrumb":{"@id":"https:\/\/gebetsberger.at\/impressum\/#breadcrumb"},"inLanguage":"en-GB","potentialAction":[{"@type":"ReadAction","target":["https:\/\/gebetsberger.at\/impressum\/"]}]},{"@type":"BreadcrumbList","@id":"https:\/\/gebetsberger.at\/impressum\/#breadcrumb","itemListElement":[{"@type":"ListItem","position":1,"name":"Startseite","item":"https:\/\/gebetsberger.at\/"},{"@type":"ListItem","position":2,"name":"Impressum"}]},{"@type":"WebSite","@id":"https:\/\/gebetsberger.at\/#website","url":"https:\/\/gebetsberger.at\/","name":"Gebetsberger Medizintechnik AT","description":"Der 1. Softlaser-Verleih \/\/ 25 Jahre Erfahrung","publisher":{"@id":"https:\/\/gebetsberger.at\/#organization"},"potentialAction":[{"@type":"SearchAction","target":{"@type":"EntryPoint","urlTemplate":"https:\/\/gebetsberger.at\/?s={search_term_string}"},"query-input":{"@type":"PropertyValueSpecification","valueRequired":true,"valueName":"search_term_string"}}],"inLanguage":"en-GB"},{"@type":"Organization","@id":"https:\/\/gebetsberger.at\/#organization","name":"Gebetsberger Medizintechnik","url":"https:\/\/gebetsberger.at\/","logo":{"@type":"ImageObject","inLanguage":"en-GB","@id":"https:\/\/gebetsberger.at\/#\/schema\/logo\/image\/","url":"https:\/\/gebetsberger.at\/wp-content\/uploads\/2023\/10\/Gebetsberger_Medizintechnik_Logo-229x229-1.png","contentUrl":"https:\/\/gebetsberger.at\/wp-content\/uploads\/2023\/10\/Gebetsberger_Medizintechnik_Logo-229x229-1.png","width":229,"height":229,"caption":"Gebetsberger Medizintechnik"},"image":{"@id":"https:\/\/gebetsberger.at\/#\/schema\/logo\/image\/"},"sameAs":["https:\/\/www.facebook.com\/softlaserverleih\/","https:\/\/www.instagram.com\/softlaserverleih\/"]}]}},"_links":{"self":[{"href":"https:\/\/gebetsberger.at\/en\/wp-json\/wp\/v2\/pages\/169","targetHints":{"allow":["GET"]}}],"collection":[{"href":"https:\/\/gebetsberger.at\/en\/wp-json\/wp\/v2\/pages"}],"about":[{"href":"https:\/\/gebetsberger.at\/en\/wp-json\/wp\/v2\/types\/page"}],"author":[{"embeddable":true,"href":"https:\/\/gebetsberger.at\/en\/wp-json\/wp\/v2\/users\/2"}],"replies":[{"embeddable":true,"href":"https:\/\/gebetsberger.at\/en\/wp-json\/wp\/v2\/comments?post=169"}],"version-history":[{"count":10,"href":"https:\/\/gebetsberger.at\/en\/wp-json\/wp\/v2\/pages\/169\/revisions"}],"predecessor-version":[{"id":435,"href":"https:\/\/gebetsberger.at\/en\/wp-json\/wp\/v2\/pages\/169\/revisions\/435"}],"wp:attachment":[{"href":"https:\/\/gebetsberger.at\/en\/wp-json\/wp\/v2\/media?parent=169"}],"curies":[{"name":"wp","href":"https:\/\/api.w.org\/{rel}","templated":true}]}}